{"id":23319,"date":"2023-05-31T11:18:06","date_gmt":"2023-05-31T11:18:06","guid":{"rendered":"https:\/\/www.hollu.com\/impressum\/"},"modified":"2024-02-07T15:42:49","modified_gmt":"2024-02-07T15:42:49","slug":"imprint","status":"publish","type":"page","link":"https:\/\/www.hollu.com\/en\/imprint\/","title":{"rendered":"Imprint"},"content":{"rendered":"<h6>\u00a0<\/h6>\n<p><strong>hollu\u00a0Systemhygiene GmbH<br \/><\/strong>hollu Campus 1<br \/>A-6170 Zirl<\/p>\n<p>Company register (FB) number: FN 356904 i FB Court of Innsbruck<br \/>VAT number: ATU66213527<br \/>ARA licence number: 711<br \/>DPR number: 0032875<\/p>\n<p>Bank details:<br \/>Hypo Tirol IBAN: AT95 5700 0001 2003 2317<br \/>BIC: HYPTAT22<br \/>Sparkasse IBAN: AT30 2050 3008 0000 7007<br \/>BIC: SPIHAT22<br \/>Raiffeisen IBAN: AT84 3600 0000 0066 2130<br \/>BIC: RZTIAT22<\/p>\n<p>Registration numbers:<br \/>ERA: 52165<br \/>Batteries: DE11663433<br \/>Electrical appliances: DE66943282<br \/>Sens Switzerland:\u00a0VP11776<br \/>Ecolight IT21120P00007542<\/p>\n<p><a href=\"https:\/\/www.wkoecg.at\/ecg.aspx?firmaid=ee025829-0f43-4ea0-95b8-06719aeeb800\"><img alt=\"Imprint\" loading=\"lazy\" decoding=\"async\" class=\"alignnone wp-image-14254 size-full\" src=\"https:\/\/assets.hollu.com\/2023\/05\/27205133\/Informationspflicht-lt.-ECG-und-Mediengesetz.gif\" alt=\"Informationspflicht-lt.-ECG-und-Mediengesetz\" width=\"169\" height=\"23\" \/><\/a><\/p>\n<p>The website www.hollu.com has been created with the utmost care, but errors or misrepresentations cannot be ruled out. Hollu SystemhygieneGmbH accepts no liability whatsoever for damages arising directly or indirectly from the use of www.hollu.com.<\/p>\n<p><strong>Picture credits<\/strong><br \/>\u00a9 hollu Systemhygiene GmbH \/2013-2023<\/p>\n\n\n<p><\/p>\n","protected":false},"excerpt":{"rendered":"<p>\u00a0 hollu\u00a0Systemhygiene GmbHhollu Campus 1A-6170 Zirl Company register (FB) number: FN 356904 i FB Court of InnsbruckVAT number: ATU66213527ARA licence number: 711DPR number: 0032875 Bank details:Hypo Tirol IBAN: AT95 5700 0001 2003 2317BIC: HYPTAT22Sparkasse IBAN: AT30 2050 3008 0000 7007BIC: SPIHAT22Raiffeisen IBAN: AT84 3600 0000 0066 2130BIC: RZTIAT22 Registration numbers:ERA: 52165Batteries: DE11663433Electrical appliances: DE66943282Sens Switzerland:\u00a0VP11776Ecolight [&hellip;]<\/p>\n","protected":false},"author":5,"featured_media":0,"parent":0,"menu_order":0,"comment_status":"closed","ping_status":"closed","template":"templates\/text-template.php","meta":{"_acf_changed":false,"footnotes":""},"class_list":["post-23319","page","type-page","status-publish","hentry"],"acf":[],"yoast_head":"<!-- This site is optimized with the Yoast SEO Premium plugin v27.3 (Yoast SEO v27.4) - https:\/\/yoast.com\/product\/yoast-seo-premium-wordpress\/ -->\n<title>Imprint - hollu Systemhygiene GmbH<\/title>\n<meta name=\"robots\" content=\"index, follow, max-snippet:-1, max-image-preview:large, max-video-preview:-1\" \/>\n<link rel=\"canonical\" href=\"https:\/\/www.hollu.com\/en\/imprint\/\" \/>\n<meta property=\"og:locale\" content=\"en_US\" \/>\n<meta property=\"og:type\" content=\"article\" \/>\n<meta property=\"og:title\" content=\"Imprint\" \/>\n<meta property=\"og:description\" content=\"\u00a0 hollu\u00a0Systemhygiene GmbHhollu Campus 1A-6170 Zirl Company register (FB) number: FN 356904 i FB Court of InnsbruckVAT number: ATU66213527ARA licence number: 711DPR number: 0032875 Bank details:Hypo Tirol IBAN: AT95 5700 0001 2003 2317BIC: HYPTAT22Sparkasse IBAN: AT30 2050 3008 0000 7007BIC: SPIHAT22Raiffeisen IBAN: AT84 3600 0000 0066 2130BIC: RZTIAT22 Registration numbers:ERA: 52165Batteries: DE11663433Electrical appliances: DE66943282Sens Switzerland:\u00a0VP11776Ecolight [&hellip;]\" \/>\n<meta property=\"og:url\" content=\"https:\/\/www.hollu.com\/en\/imprint\/\" \/>\n<meta property=\"og:site_name\" content=\"hollu Systemhygiene GmbH\" \/>\n<meta property=\"article:modified_time\" content=\"2024-02-07T15:42:49+00:00\" \/>\n<meta property=\"og:image\" content=\"https:\/\/www.hollu.com\/wp-content\/uploads\/2023\/05\/Informationspflicht-lt.-ECG-und-Mediengesetz.gif\" \/>\n<meta name=\"twitter:card\" content=\"summary_large_image\" \/>\n<meta name=\"twitter:label1\" content=\"Est. reading time\" \/>\n\t<meta name=\"twitter:data1\" content=\"1 minute\" \/>\n<script type=\"application\/ld+json\" class=\"yoast-schema-graph\">{\"@context\":\"https:\\\/\\\/schema.org\",\"@graph\":[{\"@type\":\"WebPage\",\"@id\":\"https:\\\/\\\/www.hollu.com\\\/en\\\/imprint\\\/\",\"url\":\"https:\\\/\\\/www.hollu.com\\\/en\\\/imprint\\\/\",\"name\":\"Imprint - hollu Systemhygiene GmbH\",\"isPartOf\":{\"@id\":\"https:\\\/\\\/www.hollu.com\\\/en\\\/#website\"},\"primaryImageOfPage\":{\"@id\":\"https:\\\/\\\/www.hollu.com\\\/en\\\/imprint\\\/#primaryimage\"},\"image\":{\"@id\":\"https:\\\/\\\/www.hollu.com\\\/en\\\/imprint\\\/#primaryimage\"},\"thumbnailUrl\":\"https:\\\/\\\/www.hollu.com\\\/wp-content\\\/uploads\\\/2023\\\/05\\\/Informationspflicht-lt.-ECG-und-Mediengesetz.gif\",\"datePublished\":\"2023-05-31T11:18:06+00:00\",\"dateModified\":\"2024-02-07T15:42:49+00:00\",\"breadcrumb\":{\"@id\":\"https:\\\/\\\/www.hollu.com\\\/en\\\/imprint\\\/#breadcrumb\"},\"inLanguage\":\"en-US\",\"potentialAction\":[{\"@type\":\"ReadAction\",\"target\":[\"https:\\\/\\\/www.hollu.com\\\/en\\\/imprint\\\/\"]}]},{\"@type\":\"ImageObject\",\"inLanguage\":\"en-US\",\"@id\":\"https:\\\/\\\/www.hollu.com\\\/en\\\/imprint\\\/#primaryimage\",\"url\":\"https:\\\/\\\/www.hollu.com\\\/wp-content\\\/uploads\\\/2023\\\/05\\\/Informationspflicht-lt.-ECG-und-Mediengesetz.gif\",\"contentUrl\":\"https:\\\/\\\/www.hollu.com\\\/wp-content\\\/uploads\\\/2023\\\/05\\\/Informationspflicht-lt.-ECG-und-Mediengesetz.gif\"},{\"@type\":\"BreadcrumbList\",\"@id\":\"https:\\\/\\\/www.hollu.com\\\/en\\\/imprint\\\/#breadcrumb\",\"itemListElement\":[{\"@type\":\"ListItem\",\"position\":1,\"name\":\"Startseite\",\"item\":\"https:\\\/\\\/www.hollu.net\\\/en\\\/\"},{\"@type\":\"ListItem\",\"position\":2,\"name\":\"Imprint\"}]},{\"@type\":\"WebSite\",\"@id\":\"https:\\\/\\\/www.hollu.com\\\/en\\\/#website\",\"url\":\"https:\\\/\\\/www.hollu.com\\\/en\\\/\",\"name\":\"hollu Systemhygiene GmbH\",\"description\":\"\",\"publisher\":{\"@id\":\"https:\\\/\\\/www.hollu.com\\\/en\\\/#organization\"},\"potentialAction\":[{\"@type\":\"SearchAction\",\"target\":{\"@type\":\"EntryPoint\",\"urlTemplate\":\"https:\\\/\\\/www.hollu.com\\\/en\\\/?s={search_term_string}\"},\"query-input\":{\"@type\":\"PropertyValueSpecification\",\"valueRequired\":true,\"valueName\":\"search_term_string\"}}],\"inLanguage\":\"en-US\"},{\"@type\":\"Organization\",\"@id\":\"https:\\\/\\\/www.hollu.com\\\/en\\\/#organization\",\"name\":\"hollu Systemhygiene GmbH\",\"url\":\"https:\\\/\\\/www.hollu.com\\\/en\\\/\",\"logo\":{\"@type\":\"ImageObject\",\"inLanguage\":\"en-US\",\"@id\":\"https:\\\/\\\/www.hollu.com\\\/en\\\/#\\\/schema\\\/logo\\\/image\\\/\",\"url\":\"https:\\\/\\\/www.hollu.com\\\/wp-content\\\/uploads\\\/2023\\\/08\\\/hollu-Logo-2015_Claim-rechts_RGB-e1693385713251.jpg\",\"contentUrl\":\"https:\\\/\\\/www.hollu.com\\\/wp-content\\\/uploads\\\/2023\\\/08\\\/hollu-Logo-2015_Claim-rechts_RGB-e1693385713251.jpg\",\"width\":160,\"height\":74,\"caption\":\"hollu Systemhygiene GmbH\"},\"image\":{\"@id\":\"https:\\\/\\\/www.hollu.com\\\/en\\\/#\\\/schema\\\/logo\\\/image\\\/\"},\"description\":\"Seit unserer Gr\u00fcndung im Jahr 1905 sind wir vom kleinen Seifenhersteller zum f\u00fchrenden Hygienespezialisten in \u00d6sterreich herangewachsen \u2013 mit 20.000 Kunden aus allen Branchen. Mit unserer eigenen Forschung & Entwicklung sowie Produktion am Hauptstandort in Tirol sichern wir Innovation und Qualit\u00e4t Made in Austria.\",\"email\":\"info@hollu.com\",\"telephone\":\"00800 52800 900\",\"legalName\":\"hollu Systemhygiene GmbH\"}]}<\/script>\n<!-- \/ Yoast SEO Premium plugin. -->","yoast_head_json":{"title":"Imprint - hollu Systemhygiene GmbH","robots":{"index":"index","follow":"follow","max-snippet":"max-snippet:-1","max-image-preview":"max-image-preview:large","max-video-preview":"max-video-preview:-1"},"canonical":"https:\/\/www.hollu.com\/en\/imprint\/","og_locale":"en_US","og_type":"article","og_title":"Imprint","og_description":"\u00a0 hollu\u00a0Systemhygiene GmbHhollu Campus 1A-6170 Zirl Company register (FB) number: FN 356904 i FB Court of InnsbruckVAT number: ATU66213527ARA licence number: 711DPR number: 0032875 Bank details:Hypo Tirol IBAN: AT95 5700 0001 2003 2317BIC: HYPTAT22Sparkasse IBAN: AT30 2050 3008 0000 7007BIC: SPIHAT22Raiffeisen IBAN: AT84 3600 0000 0066 2130BIC: RZTIAT22 Registration numbers:ERA: 52165Batteries: DE11663433Electrical appliances: DE66943282Sens Switzerland:\u00a0VP11776Ecolight [&hellip;]","og_url":"https:\/\/www.hollu.com\/en\/imprint\/","og_site_name":"hollu Systemhygiene GmbH","article_modified_time":"2024-02-07T15:42:49+00:00","og_image":[{"url":"https:\/\/www.hollu.com\/wp-content\/uploads\/2023\/05\/Informationspflicht-lt.-ECG-und-Mediengesetz.gif","type":"","width":"","height":""}],"twitter_card":"summary_large_image","twitter_misc":{"Est. reading time":"1 minute"},"schema":{"@context":"https:\/\/schema.org","@graph":[{"@type":"WebPage","@id":"https:\/\/www.hollu.com\/en\/imprint\/","url":"https:\/\/www.hollu.com\/en\/imprint\/","name":"Imprint - hollu Systemhygiene GmbH","isPartOf":{"@id":"https:\/\/www.hollu.com\/en\/#website"},"primaryImageOfPage":{"@id":"https:\/\/www.hollu.com\/en\/imprint\/#primaryimage"},"image":{"@id":"https:\/\/www.hollu.com\/en\/imprint\/#primaryimage"},"thumbnailUrl":"https:\/\/www.hollu.com\/wp-content\/uploads\/2023\/05\/Informationspflicht-lt.-ECG-und-Mediengesetz.gif","datePublished":"2023-05-31T11:18:06+00:00","dateModified":"2024-02-07T15:42:49+00:00","breadcrumb":{"@id":"https:\/\/www.hollu.com\/en\/imprint\/#breadcrumb"},"inLanguage":"en-US","potentialAction":[{"@type":"ReadAction","target":["https:\/\/www.hollu.com\/en\/imprint\/"]}]},{"@type":"ImageObject","inLanguage":"en-US","@id":"https:\/\/www.hollu.com\/en\/imprint\/#primaryimage","url":"https:\/\/www.hollu.com\/wp-content\/uploads\/2023\/05\/Informationspflicht-lt.-ECG-und-Mediengesetz.gif","contentUrl":"https:\/\/www.hollu.com\/wp-content\/uploads\/2023\/05\/Informationspflicht-lt.-ECG-und-Mediengesetz.gif"},{"@type":"BreadcrumbList","@id":"https:\/\/www.hollu.com\/en\/imprint\/#breadcrumb","itemListElement":[{"@type":"ListItem","position":1,"name":"Startseite","item":"https:\/\/www.hollu.net\/en\/"},{"@type":"ListItem","position":2,"name":"Imprint"}]},{"@type":"WebSite","@id":"https:\/\/www.hollu.com\/en\/#website","url":"https:\/\/www.hollu.com\/en\/","name":"hollu Systemhygiene GmbH","description":"","publisher":{"@id":"https:\/\/www.hollu.com\/en\/#organization"},"potentialAction":[{"@type":"SearchAction","target":{"@type":"EntryPoint","urlTemplate":"https:\/\/www.hollu.com\/en\/?s={search_term_string}"},"query-input":{"@type":"PropertyValueSpecification","valueRequired":true,"valueName":"search_term_string"}}],"inLanguage":"en-US"},{"@type":"Organization","@id":"https:\/\/www.hollu.com\/en\/#organization","name":"hollu Systemhygiene GmbH","url":"https:\/\/www.hollu.com\/en\/","logo":{"@type":"ImageObject","inLanguage":"en-US","@id":"https:\/\/www.hollu.com\/en\/#\/schema\/logo\/image\/","url":"https:\/\/www.hollu.com\/wp-content\/uploads\/2023\/08\/hollu-Logo-2015_Claim-rechts_RGB-e1693385713251.jpg","contentUrl":"https:\/\/www.hollu.com\/wp-content\/uploads\/2023\/08\/hollu-Logo-2015_Claim-rechts_RGB-e1693385713251.jpg","width":160,"height":74,"caption":"hollu Systemhygiene GmbH"},"image":{"@id":"https:\/\/www.hollu.com\/en\/#\/schema\/logo\/image\/"},"description":"Seit unserer Gr\u00fcndung im Jahr 1905 sind wir vom kleinen Seifenhersteller zum f\u00fchrenden Hygienespezialisten in \u00d6sterreich herangewachsen \u2013 mit 20.000 Kunden aus allen Branchen. Mit unserer eigenen Forschung & Entwicklung sowie Produktion am Hauptstandort in Tirol sichern wir Innovation und Qualit\u00e4t Made in Austria.","email":"info@hollu.com","telephone":"00800 52800 900","legalName":"hollu Systemhygiene GmbH"}]}},"_links":{"self":[{"href":"https:\/\/www.hollu.com\/en\/wp-json\/wp\/v2\/pages\/23319","targetHints":{"allow":["GET"]}}],"collection":[{"href":"https:\/\/www.hollu.com\/en\/wp-json\/wp\/v2\/pages"}],"about":[{"href":"https:\/\/www.hollu.com\/en\/wp-json\/wp\/v2\/types\/page"}],"author":[{"embeddable":true,"href":"https:\/\/www.hollu.com\/en\/wp-json\/wp\/v2\/users\/5"}],"replies":[{"embeddable":true,"href":"https:\/\/www.hollu.com\/en\/wp-json\/wp\/v2\/comments?post=23319"}],"version-history":[{"count":4,"href":"https:\/\/www.hollu.com\/en\/wp-json\/wp\/v2\/pages\/23319\/revisions"}],"predecessor-version":[{"id":26630,"href":"https:\/\/www.hollu.com\/en\/wp-json\/wp\/v2\/pages\/23319\/revisions\/26630"}],"wp:attachment":[{"href":"https:\/\/www.hollu.com\/en\/wp-json\/wp\/v2\/media?parent=23319"}],"curies":[{"name":"wp","href":"https:\/\/api.w.org\/{rel}","templated":true}]}}