{"id":28734,"date":"2023-05-31T11:18:06","date_gmt":"2023-05-31T11:18:06","guid":{"rendered":"https:\/\/www.hollu.com\/?page_id=28734"},"modified":"2024-03-07T14:56:27","modified_gmt":"2024-03-07T14:56:27","slug":"impronta","status":"publish","type":"page","link":"https:\/\/www.hollu.com\/it\/impronta\/","title":{"rendered":"Impronta"},"content":{"rendered":"<h6>\u00a0<\/h6>\n<p><strong>hollu\u00a0Systemhygiene GmbH<br \/><\/strong>hollu Campus 1<br \/>A-6170 Zirl<br \/>E-Mail: info@hollu.com<\/p>\n<p>Numero FB: FN 356904 i Tribunale FB di Innsbruck<br \/>Partita IVA: ATU66213527<br \/>Numero di licenza ARA: 711<br \/>Numero di DVR: 0032875<\/p>\n<p>Coordinate bancarie:<br \/>Hypo Tirol-IBAN: AT95 5700 0001 2003 2317<br \/>BIC: HYPTAT22<br \/>Cassa di risparmio IBAN: AT30 2050 3008 0000 7007<br \/>BIC: SPIHAT22<br \/>Raiffeisen IBAN: AT84 3600 0000 0066 2130<br \/>BIC: RZTIAT22<\/p>\n<p>Numeri di registrazione:<br \/>ERA: 52165<br \/>Batterie: DE11663433<br \/>Apparecchiature elettriche: DE66943282<br \/>Sens Svizzera:\u00a0VP11776<br \/>Ecolight IT21120P00007542<\/p>\n<p><a href=\"https:\/\/www.wkoecg.at\/ecg.aspx?firmaid=ee025829-0f43-4ea0-95b8-06719aeeb800\"><img alt=\"Impronta\" loading=\"lazy\" decoding=\"async\" class=\"alignnone wp-image-14254 size-full\" src=\"https:\/\/assets.hollu.com\/2023\/05\/27205133\/Informationspflicht-lt.-ECG-und-Mediengesetz.gif\" alt=\"Informationspflicht-lt.-ECG-und-Mediengesetz\" width=\"169\" height=\"23\" \/><\/a><\/p>\n<p>Il sito web www.hollu.com \u00e8 stato creato con la massima cura, ma non si possono escludere errori o inesattezze. Hollu Systemhygiene GmbH non si assume alcuna responsabilit\u00e0 per danni derivanti direttamente o indirettamente dall&#8217;uso di www.hollu.com.<\/p>\n<p><strong>Crediti d&#8217;immagine<\/strong><br \/>\u00a9 hollu Systemhygiene GmbH \/2013-2023<\/p>\n<p>Altre immagini per gentile concessione di Thomas Steinlechner; Lebensraum Tirol \/ Berger; Workify GmbH; Bauplus GmbH; fancy tree films; iStockphoto.com; AdobeStock; Tirol TV GmbH; Franz Oss; Die Fotografen; CMI &#8211; Congress Messe Innsbruck<\/p>\n<p>Strategia, progettazione e implementazione<br \/><a href=\"https:\/\/www.florianmatthias.com\">florianmatthias.com<\/a><\/p>\n\n\n<p><\/p>\n","protected":false},"excerpt":{"rendered":"<p>\u00a0 hollu\u00a0Systemhygiene GmbHhollu Campus 1A-6170 ZirlE-Mail: info@hollu.com Numero FB: FN 356904 i Tribunale FB di InnsbruckPartita IVA: ATU66213527Numero di licenza ARA: 711Numero di DVR: 0032875 Coordinate bancarie:Hypo Tirol-IBAN: AT95 5700 0001 2003 2317BIC: HYPTAT22Cassa di risparmio IBAN: AT30 2050 3008 0000 7007BIC: SPIHAT22Raiffeisen IBAN: AT84 3600 0000 0066 2130BIC: RZTIAT22 Numeri di registrazione:ERA: 52165Batterie: DE11663433Apparecchiature [&hellip;]<\/p>\n","protected":false},"author":1,"featured_media":0,"parent":0,"menu_order":0,"comment_status":"closed","ping_status":"closed","template":"templates\/text-template.php","meta":{"_acf_changed":false,"footnotes":""},"class_list":["post-28734","page","type-page","status-publish","hentry"],"acf":[],"yoast_head":"<!-- This site is optimized with the Yoast SEO Premium plugin v27.3 (Yoast SEO v27.4) - https:\/\/yoast.com\/product\/yoast-seo-premium-wordpress\/ -->\n<title>Impronta - hollu Systemhygiene GmbH<\/title>\n<meta name=\"robots\" content=\"index, follow, max-snippet:-1, max-image-preview:large, max-video-preview:-1\" \/>\n<link rel=\"canonical\" href=\"https:\/\/www.hollu.com\/it\/impronta\/\" \/>\n<meta property=\"og:locale\" content=\"it_IT\" \/>\n<meta property=\"og:type\" content=\"article\" \/>\n<meta property=\"og:title\" content=\"Impronta\" \/>\n<meta property=\"og:description\" content=\"\u00a0 hollu\u00a0Systemhygiene GmbHhollu Campus 1A-6170 ZirlE-Mail: info@hollu.com Numero FB: FN 356904 i Tribunale FB di InnsbruckPartita IVA: ATU66213527Numero di licenza ARA: 711Numero di DVR: 0032875 Coordinate bancarie:Hypo Tirol-IBAN: AT95 5700 0001 2003 2317BIC: HYPTAT22Cassa di risparmio IBAN: AT30 2050 3008 0000 7007BIC: SPIHAT22Raiffeisen IBAN: AT84 3600 0000 0066 2130BIC: RZTIAT22 Numeri di registrazione:ERA: 52165Batterie: DE11663433Apparecchiature [&hellip;]\" \/>\n<meta property=\"og:url\" content=\"https:\/\/www.hollu.com\/it\/impronta\/\" \/>\n<meta property=\"og:site_name\" content=\"hollu Systemhygiene GmbH\" \/>\n<meta property=\"article:modified_time\" content=\"2024-03-07T14:56:27+00:00\" \/>\n<meta property=\"og:image\" content=\"https:\/\/www.hollu.com\/wp-content\/uploads\/2023\/05\/Informationspflicht-lt.-ECG-und-Mediengesetz.gif\" \/>\n<meta name=\"twitter:card\" content=\"summary_large_image\" \/>\n<meta name=\"twitter:label1\" content=\"Est. reading time\" \/>\n\t<meta name=\"twitter:data1\" content=\"1 minute\" \/>\n<script type=\"application\/ld+json\" class=\"yoast-schema-graph\">{\"@context\":\"https:\\\/\\\/schema.org\",\"@graph\":[{\"@type\":\"WebPage\",\"@id\":\"https:\\\/\\\/www.hollu.com\\\/it\\\/impronta\\\/\",\"url\":\"https:\\\/\\\/www.hollu.com\\\/it\\\/impronta\\\/\",\"name\":\"Impronta - hollu Systemhygiene GmbH\",\"isPartOf\":{\"@id\":\"https:\\\/\\\/www.hollu.com\\\/it\\\/#website\"},\"primaryImageOfPage\":{\"@id\":\"https:\\\/\\\/www.hollu.com\\\/it\\\/impronta\\\/#primaryimage\"},\"image\":{\"@id\":\"https:\\\/\\\/www.hollu.com\\\/it\\\/impronta\\\/#primaryimage\"},\"thumbnailUrl\":\"https:\\\/\\\/www.hollu.com\\\/wp-content\\\/uploads\\\/2023\\\/05\\\/Informationspflicht-lt.-ECG-und-Mediengesetz.gif\",\"datePublished\":\"2023-05-31T11:18:06+00:00\",\"dateModified\":\"2024-03-07T14:56:27+00:00\",\"breadcrumb\":{\"@id\":\"https:\\\/\\\/www.hollu.com\\\/it\\\/impronta\\\/#breadcrumb\"},\"inLanguage\":\"it-IT\",\"potentialAction\":[{\"@type\":\"ReadAction\",\"target\":[\"https:\\\/\\\/www.hollu.com\\\/it\\\/impronta\\\/\"]}]},{\"@type\":\"ImageObject\",\"inLanguage\":\"it-IT\",\"@id\":\"https:\\\/\\\/www.hollu.com\\\/it\\\/impronta\\\/#primaryimage\",\"url\":\"https:\\\/\\\/www.hollu.com\\\/wp-content\\\/uploads\\\/2023\\\/05\\\/Informationspflicht-lt.-ECG-und-Mediengesetz.gif\",\"contentUrl\":\"https:\\\/\\\/www.hollu.com\\\/wp-content\\\/uploads\\\/2023\\\/05\\\/Informationspflicht-lt.-ECG-und-Mediengesetz.gif\"},{\"@type\":\"BreadcrumbList\",\"@id\":\"https:\\\/\\\/www.hollu.com\\\/it\\\/impronta\\\/#breadcrumb\",\"itemListElement\":[{\"@type\":\"ListItem\",\"position\":1,\"name\":\"Startseite\",\"item\":\"https:\\\/\\\/www.hollu.com\\\/it\\\/\"},{\"@type\":\"ListItem\",\"position\":2,\"name\":\"Impronta\"}]},{\"@type\":\"WebSite\",\"@id\":\"https:\\\/\\\/www.hollu.com\\\/it\\\/#website\",\"url\":\"https:\\\/\\\/www.hollu.com\\\/it\\\/\",\"name\":\"hollu Systemhygiene GmbH\",\"description\":\"\",\"publisher\":{\"@id\":\"https:\\\/\\\/www.hollu.com\\\/it\\\/#organization\"},\"potentialAction\":[{\"@type\":\"SearchAction\",\"target\":{\"@type\":\"EntryPoint\",\"urlTemplate\":\"https:\\\/\\\/www.hollu.com\\\/it\\\/?s={search_term_string}\"},\"query-input\":{\"@type\":\"PropertyValueSpecification\",\"valueRequired\":true,\"valueName\":\"search_term_string\"}}],\"inLanguage\":\"it-IT\"},{\"@type\":\"Organization\",\"@id\":\"https:\\\/\\\/www.hollu.com\\\/it\\\/#organization\",\"name\":\"hollu Systemhygiene GmbH\",\"url\":\"https:\\\/\\\/www.hollu.com\\\/it\\\/\",\"logo\":{\"@type\":\"ImageObject\",\"inLanguage\":\"it-IT\",\"@id\":\"https:\\\/\\\/www.hollu.com\\\/it\\\/#\\\/schema\\\/logo\\\/image\\\/\",\"url\":\"https:\\\/\\\/www.hollu.com\\\/wp-content\\\/uploads\\\/2023\\\/08\\\/hollu-Logo-2015_Claim-rechts_RGB-e1693385713251.jpg\",\"contentUrl\":\"https:\\\/\\\/www.hollu.com\\\/wp-content\\\/uploads\\\/2023\\\/08\\\/hollu-Logo-2015_Claim-rechts_RGB-e1693385713251.jpg\",\"width\":160,\"height\":74,\"caption\":\"hollu Systemhygiene GmbH\"},\"image\":{\"@id\":\"https:\\\/\\\/www.hollu.com\\\/it\\\/#\\\/schema\\\/logo\\\/image\\\/\"},\"description\":\"Seit unserer Gr\u00fcndung im Jahr 1905 sind wir vom kleinen Seifenhersteller zum f\u00fchrenden Hygienespezialisten in \u00d6sterreich herangewachsen \u2013 mit 20.000 Kunden aus allen Branchen. Mit unserer eigenen Forschung & Entwicklung sowie Produktion am Hauptstandort in Tirol sichern wir Innovation und Qualit\u00e4t Made in Austria.\",\"email\":\"info@hollu.com\",\"telephone\":\"00800 52800 900\",\"legalName\":\"hollu Systemhygiene GmbH\"}]}<\/script>\n<!-- \/ Yoast SEO Premium plugin. -->","yoast_head_json":{"title":"Impronta - hollu Systemhygiene GmbH","robots":{"index":"index","follow":"follow","max-snippet":"max-snippet:-1","max-image-preview":"max-image-preview:large","max-video-preview":"max-video-preview:-1"},"canonical":"https:\/\/www.hollu.com\/it\/impronta\/","og_locale":"it_IT","og_type":"article","og_title":"Impronta","og_description":"\u00a0 hollu\u00a0Systemhygiene GmbHhollu Campus 1A-6170 ZirlE-Mail: info@hollu.com Numero FB: FN 356904 i Tribunale FB di InnsbruckPartita IVA: ATU66213527Numero di licenza ARA: 711Numero di DVR: 0032875 Coordinate bancarie:Hypo Tirol-IBAN: AT95 5700 0001 2003 2317BIC: HYPTAT22Cassa di risparmio IBAN: AT30 2050 3008 0000 7007BIC: SPIHAT22Raiffeisen IBAN: AT84 3600 0000 0066 2130BIC: RZTIAT22 Numeri di registrazione:ERA: 52165Batterie: DE11663433Apparecchiature [&hellip;]","og_url":"https:\/\/www.hollu.com\/it\/impronta\/","og_site_name":"hollu Systemhygiene GmbH","article_modified_time":"2024-03-07T14:56:27+00:00","og_image":[{"url":"https:\/\/www.hollu.com\/wp-content\/uploads\/2023\/05\/Informationspflicht-lt.-ECG-und-Mediengesetz.gif","type":"","width":"","height":""}],"twitter_card":"summary_large_image","twitter_misc":{"Est. reading time":"1 minute"},"schema":{"@context":"https:\/\/schema.org","@graph":[{"@type":"WebPage","@id":"https:\/\/www.hollu.com\/it\/impronta\/","url":"https:\/\/www.hollu.com\/it\/impronta\/","name":"Impronta - hollu Systemhygiene GmbH","isPartOf":{"@id":"https:\/\/www.hollu.com\/it\/#website"},"primaryImageOfPage":{"@id":"https:\/\/www.hollu.com\/it\/impronta\/#primaryimage"},"image":{"@id":"https:\/\/www.hollu.com\/it\/impronta\/#primaryimage"},"thumbnailUrl":"https:\/\/www.hollu.com\/wp-content\/uploads\/2023\/05\/Informationspflicht-lt.-ECG-und-Mediengesetz.gif","datePublished":"2023-05-31T11:18:06+00:00","dateModified":"2024-03-07T14:56:27+00:00","breadcrumb":{"@id":"https:\/\/www.hollu.com\/it\/impronta\/#breadcrumb"},"inLanguage":"it-IT","potentialAction":[{"@type":"ReadAction","target":["https:\/\/www.hollu.com\/it\/impronta\/"]}]},{"@type":"ImageObject","inLanguage":"it-IT","@id":"https:\/\/www.hollu.com\/it\/impronta\/#primaryimage","url":"https:\/\/www.hollu.com\/wp-content\/uploads\/2023\/05\/Informationspflicht-lt.-ECG-und-Mediengesetz.gif","contentUrl":"https:\/\/www.hollu.com\/wp-content\/uploads\/2023\/05\/Informationspflicht-lt.-ECG-und-Mediengesetz.gif"},{"@type":"BreadcrumbList","@id":"https:\/\/www.hollu.com\/it\/impronta\/#breadcrumb","itemListElement":[{"@type":"ListItem","position":1,"name":"Startseite","item":"https:\/\/www.hollu.com\/it\/"},{"@type":"ListItem","position":2,"name":"Impronta"}]},{"@type":"WebSite","@id":"https:\/\/www.hollu.com\/it\/#website","url":"https:\/\/www.hollu.com\/it\/","name":"hollu Systemhygiene GmbH","description":"","publisher":{"@id":"https:\/\/www.hollu.com\/it\/#organization"},"potentialAction":[{"@type":"SearchAction","target":{"@type":"EntryPoint","urlTemplate":"https:\/\/www.hollu.com\/it\/?s={search_term_string}"},"query-input":{"@type":"PropertyValueSpecification","valueRequired":true,"valueName":"search_term_string"}}],"inLanguage":"it-IT"},{"@type":"Organization","@id":"https:\/\/www.hollu.com\/it\/#organization","name":"hollu Systemhygiene GmbH","url":"https:\/\/www.hollu.com\/it\/","logo":{"@type":"ImageObject","inLanguage":"it-IT","@id":"https:\/\/www.hollu.com\/it\/#\/schema\/logo\/image\/","url":"https:\/\/www.hollu.com\/wp-content\/uploads\/2023\/08\/hollu-Logo-2015_Claim-rechts_RGB-e1693385713251.jpg","contentUrl":"https:\/\/www.hollu.com\/wp-content\/uploads\/2023\/08\/hollu-Logo-2015_Claim-rechts_RGB-e1693385713251.jpg","width":160,"height":74,"caption":"hollu Systemhygiene GmbH"},"image":{"@id":"https:\/\/www.hollu.com\/it\/#\/schema\/logo\/image\/"},"description":"Seit unserer Gr\u00fcndung im Jahr 1905 sind wir vom kleinen Seifenhersteller zum f\u00fchrenden Hygienespezialisten in \u00d6sterreich herangewachsen \u2013 mit 20.000 Kunden aus allen Branchen. Mit unserer eigenen Forschung & Entwicklung sowie Produktion am Hauptstandort in Tirol sichern wir Innovation und Qualit\u00e4t Made in Austria.","email":"info@hollu.com","telephone":"00800 52800 900","legalName":"hollu Systemhygiene GmbH"}]}},"_links":{"self":[{"href":"https:\/\/www.hollu.com\/it\/wp-json\/wp\/v2\/pages\/28734","targetHints":{"allow":["GET"]}}],"collection":[{"href":"https:\/\/www.hollu.com\/it\/wp-json\/wp\/v2\/pages"}],"about":[{"href":"https:\/\/www.hollu.com\/it\/wp-json\/wp\/v2\/types\/page"}],"author":[{"embeddable":true,"href":"https:\/\/www.hollu.com\/it\/wp-json\/wp\/v2\/users\/1"}],"replies":[{"embeddable":true,"href":"https:\/\/www.hollu.com\/it\/wp-json\/wp\/v2\/comments?post=28734"}],"version-history":[{"count":1,"href":"https:\/\/www.hollu.com\/it\/wp-json\/wp\/v2\/pages\/28734\/revisions"}],"predecessor-version":[{"id":28741,"href":"https:\/\/www.hollu.com\/it\/wp-json\/wp\/v2\/pages\/28734\/revisions\/28741"}],"wp:attachment":[{"href":"https:\/\/www.hollu.com\/it\/wp-json\/wp\/v2\/media?parent=28734"}],"curies":[{"name":"wp","href":"https:\/\/api.w.org\/{rel}","templated":true}]}}